{"id":9,"date":"2025-04-03T11:50:06","date_gmt":"2025-04-03T11:50:06","guid":{"rendered":"https:\/\/encloud.pl\/?page_id=9"},"modified":"2025-11-19T21:35:54","modified_gmt":"2025-11-19T21:35:54","slug":"koszyk","status":"publish","type":"page","link":"https:\/\/encloud.pl\/?page_id=9","title":{"rendered":"KOSZYK"},"content":{"rendered":"\t\t<div data-elementor-type=\"wp-page\" data-elementor-id=\"9\" class=\"elementor elementor-9\">\n\t\t\t\t<div class=\"elementor-element elementor-element-05c4922 e-con-full e-flex e-con e-parent\" data-id=\"05c4922\" data-element_type=\"container\" data-e-type=\"container\">\n\t\t\t\t<div class=\"elementor-element elementor-element-f025ee4 elementor-widget elementor-widget-eael-woo-cart\" data-id=\"f025ee4\" data-element_type=\"widget\" data-e-type=\"widget\" data-settings=\"{&quot;eael_woo_cart_table_components_remove_icon&quot;:{&quot;value&quot;:&quot;fas fa-times&quot;,&quot;library&quot;:&quot;fa-solid&quot;}}\" data-widget_type=\"eael-woo-cart.default\">\n\t\t\t\t<div class=\"elementor-widget-container\">\n\t\t\t\t\t\t\t\t\t<div class=\"eael-woo-cart-wrapper eael-woo-cart-empty eael-woo-style-2 eael-auto-update33\">\n\t\t\t\t<div class=\"woocommerce-notices-wrapper\"><\/div><div class=\"wc-empty-cart-message\">\n\t<div class=\"shopengine-woocommerce-info woocommerce-info\">\n\t\tTW\u00d3J KOSZYK JEST PUSTY.\t<\/div>\n<\/div>                <\/div>\n\t\t\t\t        <script>document.body.classList.add(\"eael-woo-cart\");<\/script>\n\t\t\t\t\t\t<\/div>\n\t\t\t\t<\/div>\n\t\t\t\t<\/div>\n\t\t\t\t<\/div>\n\t\t","protected":false},"excerpt":{"rendered":"<p>PRODUKT CENA LICZBA SUMA T-SHIRT I&#8217;VE GOT MY EYE ON YOU &#8211; Czarny, M 150,00&nbsp;&#122;&#322; ilo\u015b\u0107 T-SHIRT I&#039;VE GOT MY EYE ON YOU &#8211; Czarny, M 150,00&nbsp;&#122;&#322; Coupon: WPISZ Subtotal 150,00&nbsp;&#122;&#322; Wysy\u0142ka P\u0142aska stawka: 18,45&nbsp;&#122;&#322; InPost Paczkomat 24\/7 (darmowa wysy\u0142ka) InPost Kurier Standard (darmowa wysy\u0142ka) InPost Kurier Standard Pobranie (darmowa wysy\u0142ka) Wysy\u0142ka do: eliza.malecka@op.pl, 61-131 [&hellip;]<\/p>\n","protected":false},"author":1,"featured_media":0,"parent":138,"menu_order":0,"comment_status":"closed","ping_status":"closed","template":"","meta":{"footnotes":""},"class_list":["post-9","page","type-page","status-publish","hentry"],"yoast_head":"<!-- This site is optimized with the Yoast SEO plugin v27.3 - https:\/\/yoast.com\/product\/yoast-seo-wordpress\/ -->\n<title>KOSZYK -<\/title>\n<meta name=\"robots\" content=\"index, follow, max-snippet:-1, max-image-preview:large, max-video-preview:-1\" \/>\n<link rel=\"canonical\" href=\"https:\/\/encloud.pl\/?page_id=9\" \/>\n<meta property=\"og:locale\" content=\"pl_PL\" \/>\n<meta property=\"og:type\" content=\"article\" \/>\n<meta property=\"og:title\" content=\"KOSZYK -\" \/>\n<meta property=\"og:description\" content=\"PRODUKT CENA LICZBA SUMA T-SHIRT I&#8217;VE GOT MY EYE ON YOU &#8211; Czarny, M 150,00&nbsp;&#122;&#322; ilo\u015b\u0107 T-SHIRT I&#039;VE GOT MY EYE ON YOU &#8211; Czarny, M 150,00&nbsp;&#122;&#322; Coupon: WPISZ Subtotal 150,00&nbsp;&#122;&#322; Wysy\u0142ka P\u0142aska stawka: 18,45&nbsp;&#122;&#322; InPost Paczkomat 24\/7 (darmowa wysy\u0142ka) InPost Kurier Standard (darmowa wysy\u0142ka) InPost Kurier Standard Pobranie (darmowa wysy\u0142ka) Wysy\u0142ka do: eliza.malecka@op.pl, 61-131 [&hellip;]\" \/>\n<meta property=\"og:url\" content=\"https:\/\/encloud.pl\/?page_id=9\" \/>\n<meta property=\"article:modified_time\" content=\"2025-11-19T21:35:54+00:00\" \/>\n<meta property=\"og:image\" content=\"https:\/\/encloud.pl\/wp-content\/uploads\/2025\/05\/IMG_4296-300x300.jpeg\" \/>\n<meta name=\"twitter:card\" content=\"summary_large_image\" \/>\n<meta name=\"twitter:label1\" content=\"Szacowany czas czytania\" \/>\n\t<meta name=\"twitter:data1\" content=\"1 minuta\" \/>\n<script type=\"application\/ld+json\" class=\"yoast-schema-graph\">{\"@context\":\"https:\\\/\\\/schema.org\",\"@graph\":[{\"@type\":\"WebPage\",\"@id\":\"https:\\\/\\\/encloud.pl\\\/?page_id=9\",\"url\":\"https:\\\/\\\/encloud.pl\\\/?page_id=9\",\"name\":\"KOSZYK -\",\"isPartOf\":{\"@id\":\"https:\\\/\\\/encloud.pl\\\/#website\"},\"primaryImageOfPage\":{\"@id\":\"https:\\\/\\\/encloud.pl\\\/?page_id=9#primaryimage\"},\"image\":{\"@id\":\"https:\\\/\\\/encloud.pl\\\/?page_id=9#primaryimage\"},\"thumbnailUrl\":\"https:\\\/\\\/encloud.pl\\\/wp-content\\\/uploads\\\/2025\\\/05\\\/IMG_4296-300x300.jpeg\",\"datePublished\":\"2025-04-03T11:50:06+00:00\",\"dateModified\":\"2025-11-19T21:35:54+00:00\",\"breadcrumb\":{\"@id\":\"https:\\\/\\\/encloud.pl\\\/?page_id=9#breadcrumb\"},\"inLanguage\":\"pl-PL\",\"potentialAction\":[{\"@type\":\"ReadAction\",\"target\":[\"https:\\\/\\\/encloud.pl\\\/?page_id=9\"]}]},{\"@type\":\"ImageObject\",\"inLanguage\":\"pl-PL\",\"@id\":\"https:\\\/\\\/encloud.pl\\\/?page_id=9#primaryimage\",\"url\":\"https:\\\/\\\/encloud.pl\\\/wp-content\\\/uploads\\\/2025\\\/05\\\/IMG_4296-300x300.jpeg\",\"contentUrl\":\"https:\\\/\\\/encloud.pl\\\/wp-content\\\/uploads\\\/2025\\\/05\\\/IMG_4296-300x300.jpeg\"},{\"@type\":\"BreadcrumbList\",\"@id\":\"https:\\\/\\\/encloud.pl\\\/?page_id=9#breadcrumb\",\"itemListElement\":[{\"@type\":\"ListItem\",\"position\":1,\"name\":\"Strona g\u0142\u00f3wna\",\"item\":\"https:\\\/\\\/encloud.pl\\\/\"},{\"@type\":\"ListItem\",\"position\":2,\"name\":\"Encloud.pl\",\"item\":\"https:\\\/\\\/encloud.pl\\\/\"},{\"@type\":\"ListItem\",\"position\":3,\"name\":\"KOSZYK\"}]},{\"@type\":\"WebSite\",\"@id\":\"https:\\\/\\\/encloud.pl\\\/#website\",\"url\":\"https:\\\/\\\/encloud.pl\\\/\",\"name\":\"\",\"description\":\"\",\"potentialAction\":[{\"@type\":\"SearchAction\",\"target\":{\"@type\":\"EntryPoint\",\"urlTemplate\":\"https:\\\/\\\/encloud.pl\\\/?s={search_term_string}\"},\"query-input\":{\"@type\":\"PropertyValueSpecification\",\"valueRequired\":true,\"valueName\":\"search_term_string\"}}],\"inLanguage\":\"pl-PL\"}]}<\/script>\n<!-- \/ Yoast SEO plugin. -->","yoast_head_json":{"title":"KOSZYK -","robots":{"index":"index","follow":"follow","max-snippet":"max-snippet:-1","max-image-preview":"max-image-preview:large","max-video-preview":"max-video-preview:-1"},"canonical":"https:\/\/encloud.pl\/?page_id=9","og_locale":"pl_PL","og_type":"article","og_title":"KOSZYK -","og_description":"PRODUKT CENA LICZBA SUMA T-SHIRT I&#8217;VE GOT MY EYE ON YOU &#8211; Czarny, M 150,00&nbsp;&#122;&#322; ilo\u015b\u0107 T-SHIRT I&#039;VE GOT MY EYE ON YOU &#8211; Czarny, M 150,00&nbsp;&#122;&#322; Coupon: WPISZ Subtotal 150,00&nbsp;&#122;&#322; Wysy\u0142ka P\u0142aska stawka: 18,45&nbsp;&#122;&#322; InPost Paczkomat 24\/7 (darmowa wysy\u0142ka) InPost Kurier Standard (darmowa wysy\u0142ka) InPost Kurier Standard Pobranie (darmowa wysy\u0142ka) Wysy\u0142ka do: eliza.malecka@op.pl, 61-131 [&hellip;]","og_url":"https:\/\/encloud.pl\/?page_id=9","article_modified_time":"2025-11-19T21:35:54+00:00","og_image":[{"url":"https:\/\/encloud.pl\/wp-content\/uploads\/2025\/05\/IMG_4296-300x300.jpeg","type":"","width":"","height":""}],"twitter_card":"summary_large_image","twitter_misc":{"Szacowany czas czytania":"1 minuta"},"schema":{"@context":"https:\/\/schema.org","@graph":[{"@type":"WebPage","@id":"https:\/\/encloud.pl\/?page_id=9","url":"https:\/\/encloud.pl\/?page_id=9","name":"KOSZYK -","isPartOf":{"@id":"https:\/\/encloud.pl\/#website"},"primaryImageOfPage":{"@id":"https:\/\/encloud.pl\/?page_id=9#primaryimage"},"image":{"@id":"https:\/\/encloud.pl\/?page_id=9#primaryimage"},"thumbnailUrl":"https:\/\/encloud.pl\/wp-content\/uploads\/2025\/05\/IMG_4296-300x300.jpeg","datePublished":"2025-04-03T11:50:06+00:00","dateModified":"2025-11-19T21:35:54+00:00","breadcrumb":{"@id":"https:\/\/encloud.pl\/?page_id=9#breadcrumb"},"inLanguage":"pl-PL","potentialAction":[{"@type":"ReadAction","target":["https:\/\/encloud.pl\/?page_id=9"]}]},{"@type":"ImageObject","inLanguage":"pl-PL","@id":"https:\/\/encloud.pl\/?page_id=9#primaryimage","url":"https:\/\/encloud.pl\/wp-content\/uploads\/2025\/05\/IMG_4296-300x300.jpeg","contentUrl":"https:\/\/encloud.pl\/wp-content\/uploads\/2025\/05\/IMG_4296-300x300.jpeg"},{"@type":"BreadcrumbList","@id":"https:\/\/encloud.pl\/?page_id=9#breadcrumb","itemListElement":[{"@type":"ListItem","position":1,"name":"Strona g\u0142\u00f3wna","item":"https:\/\/encloud.pl\/"},{"@type":"ListItem","position":2,"name":"Encloud.pl","item":"https:\/\/encloud.pl\/"},{"@type":"ListItem","position":3,"name":"KOSZYK"}]},{"@type":"WebSite","@id":"https:\/\/encloud.pl\/#website","url":"https:\/\/encloud.pl\/","name":"","description":"","potentialAction":[{"@type":"SearchAction","target":{"@type":"EntryPoint","urlTemplate":"https:\/\/encloud.pl\/?s={search_term_string}"},"query-input":{"@type":"PropertyValueSpecification","valueRequired":true,"valueName":"search_term_string"}}],"inLanguage":"pl-PL"}]}},"_links":{"self":[{"href":"https:\/\/encloud.pl\/index.php?rest_route=\/wp\/v2\/pages\/9","targetHints":{"allow":["GET"]}}],"collection":[{"href":"https:\/\/encloud.pl\/index.php?rest_route=\/wp\/v2\/pages"}],"about":[{"href":"https:\/\/encloud.pl\/index.php?rest_route=\/wp\/v2\/types\/page"}],"author":[{"embeddable":true,"href":"https:\/\/encloud.pl\/index.php?rest_route=\/wp\/v2\/users\/1"}],"replies":[{"embeddable":true,"href":"https:\/\/encloud.pl\/index.php?rest_route=%2Fwp%2Fv2%2Fcomments&post=9"}],"version-history":[{"count":36,"href":"https:\/\/encloud.pl\/index.php?rest_route=\/wp\/v2\/pages\/9\/revisions"}],"predecessor-version":[{"id":903,"href":"https:\/\/encloud.pl\/index.php?rest_route=\/wp\/v2\/pages\/9\/revisions\/903"}],"up":[{"embeddable":true,"href":"https:\/\/encloud.pl\/index.php?rest_route=\/wp\/v2\/pages\/138"}],"wp:attachment":[{"href":"https:\/\/encloud.pl\/index.php?rest_route=%2Fwp%2Fv2%2Fmedia&parent=9"}],"curies":[{"name":"wp","href":"https:\/\/api.w.org\/{rel}","templated":true}]}}