{"id":446,"date":"2025-05-23T12:49:36","date_gmt":"2025-05-23T12:49:36","guid":{"rendered":"https:\/\/encloud.pl\/?page_id=446"},"modified":"2025-07-09T12:11:09","modified_gmt":"2025-07-09T12:11:09","slug":"polityka-prywatnosci","status":"publish","type":"page","link":"https:\/\/encloud.pl\/?page_id=446","title":{"rendered":"POLITYKA PRYWATNO\u015aCI"},"content":{"rendered":"\n<p><\/p>\n\n\n\n<p><strong>I. DEFINICJE&nbsp;<\/strong><\/p>\n\n\n\n<ol class=\"wp-block-list\">\n<li><strong>Dane osobowe<\/strong> \u2013 wszystkie informacje o osobie fizycznej zidentyfikowanej lub mo\u017cliwej do zidentyfikowania poprzez jeden b\u0105d\u017a kilka szczeg\u00f3lnych czynnik\u00f3w okre\u015blaj\u0105cych fizyczn\u0105, fizjologiczn\u0105, genetyczn\u0105, psychiczn\u0105, ekonomiczn\u0105, kulturow\u0105 lub spo\u0142eczn\u0105 to\u017csamo\u015b\u0107, w tym IP urz\u0105dzenia, dane o lokalizacji, identyfikator internetowy;<\/li>\n\n\n\n<li><strong>Polityka<\/strong> \u2013 niniejsza Polityka prywatno\u015bci;<\/li>\n\n\n\n<li><strong>RODO<\/strong> \u2013 Rozporz\u0105dzenie Parlamentu Europejskiego i Rady (UE) 2016\/679 z dnia 27 kwietnia 2016 r. w sprawie ochrony os\u00f3b fizycznych w zwi\u0105zku z przetwarzaniem danych osobowych i w sprawie swobodnego przep\u0142ywu takich danych oraz uchylenia dyrektywy 95\/46\/WE<\/li>\n\n\n\n<li><strong>Serwis<\/strong> \u2013 serwis internetowy prowadzony przez ADO danych osobowych pod adresem max@eti.pl<\/li>\n\n\n\n<li><strong>U\u017cytkownik<\/strong> \u2013 ka\u017cda osoba fizyczna odwiedzaj\u0105ca Serwis lub korzystaj\u0105ca z jednej albo kilku us\u0142ug czy funkcjonalno\u015bci opisanych w Polityce.<\/li>\n<\/ol>\n\n\n\n<p><\/p>\n\n\n\n<p><strong>II. ADMINISTRATOR DANYCH OSOBOWYCH (ADO)<\/strong><\/p>\n\n\n\n<p>Administratorem Pa\u0144stwa danych osobowych jest <strong>encloud.pl 63-930 Jutrosin<\/strong>, Gr\u0105bkowo 76 dalej jako: \u201e<strong>ADO<\/strong>\u201d.<\/p>\n\n\n\n<p>Je\u015bli chc\u0105 Pa\u0144stwo skontaktowa\u0107 si\u0119 z ADO w sprawie szczeg\u00f3\u0142owych zasad i warunk\u00f3w zwi\u0105zanych z przetwarzaniem danych osobowych, prosimy kierowa\u0107 pytania na adres e-mail: max@eti.pl<\/p>\n\n\n\n<p><\/p>\n\n\n\n<p><strong>III. CELE I PODSTAWY PRZETWARZANIA DANYCH OSOBOWYCH<\/strong><\/p>\n\n\n\n<ol class=\"wp-block-list\">\n<li>Pa\u0144stwa dane osobowe przetwarzane s\u0105 w celu:\n<ul class=\"wp-block-list\">\n<li>realizacji zam\u00f3wienia \u2013 zgodnie z art. 6 ust. 1 lit. b RODO (zawarta umowa);<\/li>\n\n\n\n<li>umo\u017cliwienia kontaktu U\u017cytkownika z ADO \u2013 zgodnie z art. 6 ust. 1 lit. a RODO (zgoda U\u017cytkownika);<\/li>\n\n\n\n<li>wystawienia faktury oraz prowadzenia ksi\u0119gowo\u015bci \u2013 zgodnie z art. 6 ust. 1 lit. c (obowi\u0105zek prawny);&nbsp;<\/li>\n\n\n\n<li>udost\u0119pnienia faktur online \u2013 zgodnie z art. 6 ust. 1 lit. b RODO (zawarta Umowa);<\/li>\n\n\n\n<li>ustalenia, dochodzenia lub obrony ewentualnych roszcze\u0144, zwi\u0105zanych ze \u015bwiadczonymi us\u0142ugami przez ADO \u2013 zgodnie z art. 6 ust. 1 lit. f RODO (uzasadniony interes ADO);<\/li>\n\n\n\n<li>archiwizacji oraz dowodowym, na potrzeby zabezpieczenia informacji, kt\u00f3re mog\u0105 s\u0142u\u017cy\u0107 wykazywaniu fakt\u00f3w o znaczeniu prawnym \u2013 zgodnie z art. 6 ust. 1 lit. f RODO (uzasadniony interes ADO).<\/li>\n<\/ul>\n<\/li>\n<\/ol>\n\n\n\n<p><\/p>\n\n\n\n<p><strong>IV. ZAKRES PRZETWARZANYCH DANYCH&nbsp;<\/strong><\/p>\n\n\n\n<ol class=\"wp-block-list\">\n<li>W zale\u017cno\u015bci od sposobu korzystania z Serwisu, mo\u017cemy przetwarza\u0107 nast\u0119puj\u0105ce dane:\n<ul class=\"wp-block-list\">\n<li>imi\u0119 i nazwisko,<\/li>\n\n\n\n<li>adres e-mail,<\/li>\n\n\n\n<li>numer telefonu,<\/li>\n\n\n\n<li>adres zamieszkania,<\/li>\n\n\n\n<li>dane do faktury (nazwa firmy, NIP, adres),<\/li>\n\n\n\n<li>adres IP, identyfikatory cookies. <\/li>\n<\/ul>\n<\/li>\n<\/ol>\n\n\n\n<p><\/p>\n\n\n\n<p><strong>V. OKRES PRZECHOWYWANIA DANYCH OSOBOWYCH<\/strong><\/p>\n\n\n\n<ol class=\"wp-block-list\">\n<li>W przypadku przetwarzania danych osobowych w celach; ustalenia, dochodzenia lub obrony ewentualnych roszcze\u0144, zwi\u0105zanych ze \u015bwiadczonymi us\u0142ugami przez ADO, realizacji umowy \u015bwiadczenia us\u0142ug rekrutacyjnych, archiwizacji i dowodowym, dane osobowe przetwarzane s\u0105 do czasu przedawnienia roszcze\u0144.<\/li>\n<\/ol>\n\n\n\n<ol start=\"2\" class=\"wp-block-list\">\n<li>W przypadku przetwarzania danych osobowych w celach; obs\u0142ugi aplikacji z\u0142o\u017conych przez U\u017cytkownika za po\u015brednictwem formularza kontaktowego, marketingowych, zapisania si\u0119 U\u017cytkownika do newslettera oraz umo\u017cliwienia kontaktu z ADO, dane osobowe przetwarzane s\u0105 do czasu odwo\u0142ania udzielonej zgody.<\/li>\n<\/ol>\n\n\n\n<p><\/p>\n\n\n\n<p><strong>VI.<\/strong> <strong>ODBIORCY DANYCH OSOBOWYCH&nbsp;<\/strong><\/p>\n\n\n\n<p>Serwis korzysta z us\u0142ug podmiot\u00f3w zewn\u0119trznych, kt\u00f3re wspieraj\u0105 go w prowadzeniu dzia\u0142alno\u015bci. Powierzane s\u0105 do przetwarzania Pa\u0144stwa dane \u2013 podmioty te przetwarzaj\u0105 dane w szczeg\u00f3lno\u015bci na udokumentowane polecenie.<\/p>\n\n\n\n<p>Podkre\u015blenia wymaga, \u017ce Pa\u0144stwa dane osobowe nie b\u0119d\u0105 przetwarzane przez podmioty spoza Unii Europejskiej.<\/p>\n\n\n\n<ol class=\"wp-block-list\">\n<li><strong>Dostawcy us\u0142ug<\/strong> \u2013 Pa\u0144stwa dane osobowe s\u0105 przekazywane dostawcom us\u0142ug, z kt\u00f3rych korzysta ADO przy prowadzeniu Serwisu. Dostawcy us\u0142ug, w zale\u017cno\u015bci od uzgodnie\u0144 umownych i okoliczno\u015bci, albo podlegaj\u0105 poleceniom ADO co do cel\u00f3w i sposob\u00f3w przetwarzania tych danych (podmioty przetwarzaj\u0105ce) albo samodzielnie okre\u015blaj\u0105 cele i sposoby ich przetwarzania (administratorzy).&nbsp;<\/li>\n\n\n\n<li><strong>Podmioty przetwarzaj\u0105ce<\/strong> \u2013 ADO korzysta z dostawc\u00f3w, kt\u00f3rzy przetwarzaj\u0105 Pa\u0144stwa dane osobowe wy\u0142\u0105cznie na nasze polecenie. Jest to w szczeg\u00f3lno\u015bci firma ksi\u0119gowa, operator p\u0142atno\u015bci internetowej oraz firma kurierska.\u00a0 Ponadto, podmioty przetwarzaj\u0105ce \u015bwiadcz\u0105 dla ADO us\u0142ug\u0119 hostingu w chmurze obliczeniowej, dostarczaj\u0105 systemy do marketingu online, do wy\u015bwietlania powiadomie\u0144 web push, do wysy\u0142ki wiadomo\u015bci e-mail, do analizy ruchu w serwisie, do analizy skuteczno\u015bci kampanii marketingowych, jak r\u00f3wnie\u017c wspieraj\u0105 realizacj\u0119 okre\u015blonych us\u0142ug i funkcjonalno\u015bci.<\/li>\n\n\n\n<li><strong>Administratorzy<\/strong> \u2013 ADO korzysta z dostawc\u00f3w, kt\u00f3rzy nie dzia\u0142aj\u0105 wy\u0142\u0105cznie na nasze polecenie i sami ustal\u0105 cele i sposoby wykorzystania danych osobowych. \u015awiadcz\u0105 oni us\u0142ugi kampanii marketingowych oraz prowadz\u0105 badania statystyczne. Serwis korzysta tak\u017ce z us\u0142ugi Facebook oraz Instagram. Warunki korzystania z tej us\u0142ugi dost\u0119pne s\u0105 pod linkiem\u00a0<a href=\"https:\/\/www.facebook.com\/privacy\/explanation\">https:\/\/www.facebook.com\/privacy\/explanation<\/a> oraz <a href=\"https:\/\/help.instagram.com\/811572406418223\/?helpref=hc_fnav&amp;locale=pl_PL\">https:\/\/help.instagram.com\/811572406418223\/?helpref=hc_fnav&amp;locale=pl_PL<\/a>\u00a0<\/li>\n\n\n\n<li><strong>Organy pa\u0144stwowe<\/strong> \u2013 ADO mo\u017ce udost\u0119pni\u0107 Pa\u0144stwa dane osobowe, je\u017celi zwr\u00f3c\u0105 si\u0119 do nas o to uprawnione organy pa\u0144stwowe, w szczeg\u00f3lno\u015bci jednostki organizacyjne prokuratury, Policja, Prezes Urz\u0119du Ochrony Danych Osobowych, Prezes Urz\u0119du Ochrony Konkurencji i Konsument\u00f3w lub Prezes Urz\u0119du Komunikacji Elektronicznej.<\/li>\n<\/ol>\n\n\n\n<p><\/p>\n\n\n\n<p><strong>VII. UPRAWNIENIA U\u017bYTKOWNIK\u00d3W&nbsp;<\/strong><\/p>\n\n\n\n<ol class=\"wp-block-list\">\n<li><strong>Prawo do cofni\u0119cia zgody<\/strong> \u2013 maj\u0105 Pa\u0144stwo prawo do cofni\u0119cia zgody, jakiej udzielili Pa\u0144stwo w momencie zakupu, jak r\u00f3wnie\u017c podczas korzystania z poszczeg\u00f3lnych us\u0142ug i&nbsp;funkcjonalno\u015bci. Cofni\u0119cie zgody ma skutek od momentu wycofania zgody. Cofni\u0119cie zgody nie wp\u0142ywa na przetwarzanie dokonywane przez nas zgodnie z prawem przed jej cofni\u0119ciem.<\/li>\n<\/ol>\n\n\n\n<p>Podstawa prawna: art. 7 ust. 3 RODO<\/p>\n\n\n\n<ol start=\"2\" class=\"wp-block-list\">\n<li><strong>Prawo do sprzeciwu wobec wykorzystania danych<\/strong> \u2013 maj\u0105 Pa\u0144stwo prawo w dowolnym momencie wnie\u015b\u0107 sprzeciw wobec wykorzystania danych osobowych. Je\u017celi sprzeciw oka\u017ce si\u0119 zasadny i ADO nie b\u0119dzie posiada\u0107 innej podstawy prawnej do przetwarzania Pa\u0144stwa danych osobowych, ADO usunie dane, wobec wykorzystania kt\u00f3rych by\u0142 wniesiony sprzeciw.<\/li>\n<\/ol>\n\n\n\n<p>Podstawa prawna: art. 21 RODO<\/p>\n\n\n\n<ol start=\"3\" class=\"wp-block-list\">\n<li><strong>Prawo do usuni\u0119cia danych<\/strong> \u2013 maj\u0105 Pa\u0144stwo prawo do \u017c\u0105dania usuni\u0119cia wszystkich lub niekt\u00f3rych danych osobowych. \u017b\u0105danie usuni\u0119cia wszystkich danych osobowych b\u0119dziemy traktowa\u0107 jako \u017c\u0105danie usuni\u0119cia konta w serwisie. Pomimo \u017c\u0105dania usuni\u0119cia danych osobowych, w zwi\u0105zku z wniesieniem sprzeciwu lub wycofaniem zgody, ADO mo\u017ce zachowa\u0107 pewne dane osobowe w zakresie niezb\u0119dnym do cel\u00f3w ustalenia, dochodzenia lub obrony roszcze\u0144.<\/li>\n<\/ol>\n\n\n\n<p>Podstawa prawna: art. 17 RODO<\/p>\n\n\n\n<ol start=\"4\" class=\"wp-block-list\">\n<li><strong>Prawo do ograniczenia przetwarzania danych<\/strong> \u2013 maj\u0105 Pa\u0144stwo prawo do \u017c\u0105dania ograniczenia przetwarzania danych osobowych. Je\u017celi zg\u0142osz\u0105 Pa\u0144stwo takie \u017c\u0105danie, do czasu jego rozpatrzenia mo\u017ce zosta\u0107 uniemo\u017cliwione korzystanie z okre\u015blonych funkcjonalno\u015bci lub us\u0142ug serwisu.<\/li>\n<\/ol>\n\n\n\n<p>Podstawa prawna: art. 18 RODO<\/p>\n\n\n\n<ol start=\"5\" class=\"wp-block-list\">\n<li><strong>Prawo do dost\u0119pu do danych<\/strong> \u2013 maj\u0105 Pa\u0144stwo prawo uzyska\u0107 od ADO potwierdzenie, czy przetwarzamy Pa\u0144stwa dane osobowe oraz:\n<ul class=\"wp-block-list\">\n<li>uzyska\u0107 dost\u0119p do swoich danych osobowych;&nbsp;<\/li>\n\n\n\n<li>uzyska\u0107 informacje o celach przetwarzania, kategoriach przetwarzanych danych osobowych, o odbiorcach lub kategoriach odbiorc\u00f3w tych danych, planowanym okresie przechowywania danych lub o kryteriach ustalania tego okresu, o prawach przys\u0142uguj\u0105cych na mocy RODO oraz o prawie wniesienia skargi do organu nadzorczego, o \u017ar\u00f3dle tych danych, o zautomatyzowanym podejmowaniu decyzji, w tym o profilowaniu oraz o zabezpieczeniach stosowanych w zwi\u0105zku z przekazaniem tych danych poza Uni\u0119 Europejsk\u0105;&nbsp;<\/li>\n\n\n\n<li>uzyska\u0107 kopi\u0119 swoich danych osobowych.<\/li>\n<\/ul>\n<\/li>\n<\/ol>\n\n\n\n<p>Podstawa prawna: art. 15 RODO<\/p>\n\n\n\n<ol start=\"6\" class=\"wp-block-list\">\n<li><strong>Prawo do sprostowania danych<\/strong> \u2013 maj\u0105 Pa\u0144stwo prawo do sprostowania i uzupe\u0142nienia podanych przez siebie danych osobowych.<\/li>\n<\/ol>\n\n\n\n<p>Podstawa prawna: art. 16 RODO<\/p>\n\n\n\n<ol start=\"7\" class=\"wp-block-list\">\n<li><strong>Prawo do przenoszenia danych<\/strong> \u2013 maj\u0105 Pa\u0144stwo prawo otrzyma\u0107 swoje dane osobowe, kt\u00f3re zosta\u0142y dostarczone ADO, a nast\u0119pnie przes\u0142a\u0107 je do innego, wybranego przez siebie, administratora danych osobowych, np. do innego operatora podobnych serwis\u00f3w.<\/li>\n<\/ol>\n\n\n\n<p>Podstawa prawna: art. 20 RODO<\/p>\n\n\n\n<ol start=\"8\" class=\"wp-block-list\">\n<li>W przypadku stwierdzenia, \u017ce przetwarzanie danych osobowych narusza przepisy RODO, maj\u0105 Pa\u0144stwo <strong>prawo wnie\u015b\u0107 skarg\u0119 do organu nadzorczego \u2013 Urz\u0119du Ochrony Danych Osobowych.<\/strong><\/li>\n<\/ol>\n\n\n\n<p><\/p>\n\n\n\n<p><strong>VIII. TERMIN UDZIELENIA ODPOWIEDZI PRZEZ ADO&nbsp;<\/strong><\/p>\n\n\n\n<p>Je\u017celi zdecyduj\u0105 si\u0119 Pa\u0144stwo wyst\u0105pi\u0107 do ADO z \u017c\u0105daniem, spe\u0142nimy to \u017c\u0105danie albo odm\u00f3wimy jego spe\u0142nienia niezw\u0142ocznie, nie p\u00f3\u017aniej jednak ni\u017c w ci\u0105gu 30 dni od daty jego otrzymaniu.<\/p>\n\n\n\n<p>W celu skorzystania z przys\u0142uguj\u0105cych Pa\u0144stwu praw prosimy o kontakt z ADO pod adresem e-mail: max@eti.pl<\/p>\n\n\n\n<p><\/p>\n\n\n\n<p><strong>IX. PLIKI COOKIES&nbsp;<\/strong><\/p>\n\n\n\n<p>Sklep internetowy korzysta z plik\u00f3w cookies (tzw. \u201eciasteczek\u201d), kt\u00f3re s\u0105 zapisywane w urz\u0105dzeniu ko\u0144cowym u\u017cytkownika i przeznaczone s\u0105 do korzystania ze strony internetowej sklepu.<br><\/p>\n\n\n\n<ol class=\"wp-block-list\">\n<li>Pliki cookies wykorzystywane s\u0105 w celu:\n<ul class=\"wp-block-list\">\n<li>dostosowania zawarto\u015bci strony internetowej do preferencji u\u017cytkownika oraz optymalizacji korzystania ze sklepu;<\/li>\n\n\n\n<li>tworzenia statystyk i analiz, kt\u00f3re pomagaj\u0105 zrozumie\u0107, w jaki spos\u00f3b u\u017cytkownicy korzystaj\u0105 ze strony, co umo\u017cliwia ulepszanie jej struktury i zawarto\u015bci (np. za pomoc\u0105 narz\u0119dzi takich jak Google Analytics);<\/li>\n\n\n\n<li>zapewnienia poprawnego dzia\u0142ania system\u00f3w p\u0142atno\u015bci, w tym integracji z zewn\u0119trznymi operatorami p\u0142atno\u015bci (np. Przelewy24).<\/li>\n\n\n\n<li>Pliki cookies nie s\u0142u\u017c\u0105 do identyfikacji u\u017cytkownika i na ich podstawie nie jest ustalana jego to\u017csamo\u015b\u0107.<\/li>\n<\/ul>\n<\/li>\n\n\n\n<li>W ramach sklepu mog\u0105 by\u0107 stosowane dwa zasadnicze rodzaje plik\u00f3w cookies:\n<ul class=\"wp-block-list\">\n<li><strong>sesyjne<\/strong>\u00a0\u2013 tymczasowe pliki przechowywane w urz\u0105dzeniu u\u017cytkownika do czasu wylogowania, opuszczenia strony lub zamkni\u0119cia przegl\u0105darki;<\/li>\n\n\n\n<li><strong>sta\u0142e<\/strong>\u00a0\u2013 przechowywane w urz\u0105dzeniu u\u017cytkownika przez czas okre\u015blony w parametrach plik\u00f3w cookies lub do momentu ich usuni\u0119cia przez u\u017cytkownika.<\/li>\n<\/ul>\n<\/li>\n<\/ol>\n\n\n\n<p><br>U\u017cytkownik mo\u017ce samodzielnie zarz\u0105dza\u0107 ustawieniami cookies, w tym je blokowa\u0107 lub usuwa\u0107, korzystaj\u0105c z ustawie\u0144 swojej przegl\u0105darki internetowej. Ograniczenie stosowania plik\u00f3w cookies mo\u017ce jednak wp\u0142yn\u0105\u0107 na niekt\u00f3re funkcjonalno\u015bci dost\u0119pne na stronie sklepu.<br><\/p>\n\n\n\n<p><strong>X. ZMIANY W POLITYCE PRYWATNO\u015aCI<\/strong><\/p>\n\n\n\n<p>Stosownie do potrzeb zastrzegamy mo\u017cliwo\u015b\u0107 zmiany i uzupe\u0142nienia Polityki Prywatno\u015bci.<\/p>\n","protected":false},"excerpt":{"rendered":"<p>I. DEFINICJE&nbsp; II. ADMINISTRATOR DANYCH OSOBOWYCH (ADO) Administratorem Pa\u0144stwa danych osobowych jest encloud.pl 63-930 Jutrosin, Gr\u0105bkowo 76 dalej jako: \u201eADO\u201d. Je\u015bli chc\u0105 Pa\u0144stwo skontaktowa\u0107 si\u0119 z ADO w sprawie szczeg\u00f3\u0142owych zasad i warunk\u00f3w zwi\u0105zanych z przetwarzaniem danych osobowych, prosimy kierowa\u0107 pytania na adres e-mail: max@eti.pl III. CELE I PODSTAWY PRZETWARZANIA DANYCH OSOBOWYCH IV. ZAKRES PRZETWARZANYCH [&hellip;]<\/p>\n","protected":false},"author":1,"featured_media":0,"parent":0,"menu_order":0,"comment_status":"closed","ping_status":"closed","template":"","meta":{"footnotes":""},"class_list":["post-446","page","type-page","status-publish","hentry"],"yoast_head":"<!-- This site is optimized with the Yoast SEO plugin v27.3 - https:\/\/yoast.com\/product\/yoast-seo-wordpress\/ -->\n<title>POLITYKA PRYWATNO\u015aCI -<\/title>\n<meta name=\"robots\" content=\"index, follow, max-snippet:-1, max-image-preview:large, max-video-preview:-1\" \/>\n<link rel=\"canonical\" href=\"https:\/\/encloud.pl\/?page_id=446\" \/>\n<meta property=\"og:locale\" content=\"pl_PL\" \/>\n<meta property=\"og:type\" content=\"article\" \/>\n<meta property=\"og:title\" content=\"POLITYKA PRYWATNO\u015aCI -\" \/>\n<meta property=\"og:description\" content=\"I. DEFINICJE&nbsp; II. ADMINISTRATOR DANYCH OSOBOWYCH (ADO) Administratorem Pa\u0144stwa danych osobowych jest encloud.pl 63-930 Jutrosin, Gr\u0105bkowo 76 dalej jako: \u201eADO\u201d. Je\u015bli chc\u0105 Pa\u0144stwo skontaktowa\u0107 si\u0119 z ADO w sprawie szczeg\u00f3\u0142owych zasad i warunk\u00f3w zwi\u0105zanych z przetwarzaniem danych osobowych, prosimy kierowa\u0107 pytania na adres e-mail: max@eti.pl III. CELE I PODSTAWY PRZETWARZANIA DANYCH OSOBOWYCH IV. ZAKRES PRZETWARZANYCH [&hellip;]\" \/>\n<meta property=\"og:url\" content=\"https:\/\/encloud.pl\/?page_id=446\" \/>\n<meta property=\"article:modified_time\" content=\"2025-07-09T12:11:09+00:00\" \/>\n<meta name=\"twitter:card\" content=\"summary_large_image\" \/>\n<meta name=\"twitter:label1\" content=\"Szacowany czas czytania\" \/>\n\t<meta name=\"twitter:data1\" content=\"8 minut\" \/>\n<script type=\"application\/ld+json\" class=\"yoast-schema-graph\">{\"@context\":\"https:\\\/\\\/schema.org\",\"@graph\":[{\"@type\":\"WebPage\",\"@id\":\"https:\\\/\\\/encloud.pl\\\/?page_id=446\",\"url\":\"https:\\\/\\\/encloud.pl\\\/?page_id=446\",\"name\":\"POLITYKA PRYWATNO\u015aCI -\",\"isPartOf\":{\"@id\":\"https:\\\/\\\/encloud.pl\\\/#website\"},\"datePublished\":\"2025-05-23T12:49:36+00:00\",\"dateModified\":\"2025-07-09T12:11:09+00:00\",\"breadcrumb\":{\"@id\":\"https:\\\/\\\/encloud.pl\\\/?page_id=446#breadcrumb\"},\"inLanguage\":\"pl-PL\",\"potentialAction\":[{\"@type\":\"ReadAction\",\"target\":[\"https:\\\/\\\/encloud.pl\\\/?page_id=446\"]}]},{\"@type\":\"BreadcrumbList\",\"@id\":\"https:\\\/\\\/encloud.pl\\\/?page_id=446#breadcrumb\",\"itemListElement\":[{\"@type\":\"ListItem\",\"position\":1,\"name\":\"Strona g\u0142\u00f3wna\",\"item\":\"https:\\\/\\\/encloud.pl\\\/\"},{\"@type\":\"ListItem\",\"position\":2,\"name\":\"POLITYKA PRYWATNO\u015aCI\"}]},{\"@type\":\"WebSite\",\"@id\":\"https:\\\/\\\/encloud.pl\\\/#website\",\"url\":\"https:\\\/\\\/encloud.pl\\\/\",\"name\":\"\",\"description\":\"\",\"potentialAction\":[{\"@type\":\"SearchAction\",\"target\":{\"@type\":\"EntryPoint\",\"urlTemplate\":\"https:\\\/\\\/encloud.pl\\\/?s={search_term_string}\"},\"query-input\":{\"@type\":\"PropertyValueSpecification\",\"valueRequired\":true,\"valueName\":\"search_term_string\"}}],\"inLanguage\":\"pl-PL\"}]}<\/script>\n<!-- \/ Yoast SEO plugin. -->","yoast_head_json":{"title":"POLITYKA PRYWATNO\u015aCI -","robots":{"index":"index","follow":"follow","max-snippet":"max-snippet:-1","max-image-preview":"max-image-preview:large","max-video-preview":"max-video-preview:-1"},"canonical":"https:\/\/encloud.pl\/?page_id=446","og_locale":"pl_PL","og_type":"article","og_title":"POLITYKA PRYWATNO\u015aCI -","og_description":"I. DEFINICJE&nbsp; II. ADMINISTRATOR DANYCH OSOBOWYCH (ADO) Administratorem Pa\u0144stwa danych osobowych jest encloud.pl 63-930 Jutrosin, Gr\u0105bkowo 76 dalej jako: \u201eADO\u201d. Je\u015bli chc\u0105 Pa\u0144stwo skontaktowa\u0107 si\u0119 z ADO w sprawie szczeg\u00f3\u0142owych zasad i warunk\u00f3w zwi\u0105zanych z przetwarzaniem danych osobowych, prosimy kierowa\u0107 pytania na adres e-mail: max@eti.pl III. CELE I PODSTAWY PRZETWARZANIA DANYCH OSOBOWYCH IV. ZAKRES PRZETWARZANYCH [&hellip;]","og_url":"https:\/\/encloud.pl\/?page_id=446","article_modified_time":"2025-07-09T12:11:09+00:00","twitter_card":"summary_large_image","twitter_misc":{"Szacowany czas czytania":"8 minut"},"schema":{"@context":"https:\/\/schema.org","@graph":[{"@type":"WebPage","@id":"https:\/\/encloud.pl\/?page_id=446","url":"https:\/\/encloud.pl\/?page_id=446","name":"POLITYKA PRYWATNO\u015aCI -","isPartOf":{"@id":"https:\/\/encloud.pl\/#website"},"datePublished":"2025-05-23T12:49:36+00:00","dateModified":"2025-07-09T12:11:09+00:00","breadcrumb":{"@id":"https:\/\/encloud.pl\/?page_id=446#breadcrumb"},"inLanguage":"pl-PL","potentialAction":[{"@type":"ReadAction","target":["https:\/\/encloud.pl\/?page_id=446"]}]},{"@type":"BreadcrumbList","@id":"https:\/\/encloud.pl\/?page_id=446#breadcrumb","itemListElement":[{"@type":"ListItem","position":1,"name":"Strona g\u0142\u00f3wna","item":"https:\/\/encloud.pl\/"},{"@type":"ListItem","position":2,"name":"POLITYKA PRYWATNO\u015aCI"}]},{"@type":"WebSite","@id":"https:\/\/encloud.pl\/#website","url":"https:\/\/encloud.pl\/","name":"","description":"","potentialAction":[{"@type":"SearchAction","target":{"@type":"EntryPoint","urlTemplate":"https:\/\/encloud.pl\/?s={search_term_string}"},"query-input":{"@type":"PropertyValueSpecification","valueRequired":true,"valueName":"search_term_string"}}],"inLanguage":"pl-PL"}]}},"_links":{"self":[{"href":"https:\/\/encloud.pl\/index.php?rest_route=\/wp\/v2\/pages\/446","targetHints":{"allow":["GET"]}}],"collection":[{"href":"https:\/\/encloud.pl\/index.php?rest_route=\/wp\/v2\/pages"}],"about":[{"href":"https:\/\/encloud.pl\/index.php?rest_route=\/wp\/v2\/types\/page"}],"author":[{"embeddable":true,"href":"https:\/\/encloud.pl\/index.php?rest_route=\/wp\/v2\/users\/1"}],"replies":[{"embeddable":true,"href":"https:\/\/encloud.pl\/index.php?rest_route=%2Fwp%2Fv2%2Fcomments&post=446"}],"version-history":[{"count":6,"href":"https:\/\/encloud.pl\/index.php?rest_route=\/wp\/v2\/pages\/446\/revisions"}],"predecessor-version":[{"id":793,"href":"https:\/\/encloud.pl\/index.php?rest_route=\/wp\/v2\/pages\/446\/revisions\/793"}],"wp:attachment":[{"href":"https:\/\/encloud.pl\/index.php?rest_route=%2Fwp%2Fv2%2Fmedia&parent=446"}],"curies":[{"name":"wp","href":"https:\/\/api.w.org\/{rel}","templated":true}]}}